{"id":518,"date":"2026-03-04T15:04:37","date_gmt":"2026-03-04T20:04:37","guid":{"rendered":"https:\/\/dharmaluxuryspa.com\/?page_id=518"},"modified":"2026-03-04T15:04:38","modified_gmt":"2026-03-04T20:04:38","slug":"masaje-con-piedras-volcanicas","status":"publish","type":"page","link":"https:\/\/dharmaluxuryspa.com\/en\/masaje-con-piedras-volcanicas\/","title":{"rendered":"Hot Stone Massage"},"content":{"rendered":"<div style=\"height:50px\" aria-hidden=\"true\" class=\"wp-block-spacer\"><\/div>\n\n\n\n<div class=\"wp-block-columns is-layout-flex wp-container-core-columns-is-layout-28f84493 wp-block-columns-is-layout-flex\">\n<div class=\"wp-block-column is-layout-flow wp-block-column-is-layout-flow\">\n<p id=\"block-a0329587-318c-4810-a17c-a0aaca13e21d\">It is an energizing and healing therapy that calms the mind and reduces tension. Volcanic stones are heated to comfortable temperatures, providing a deep sense of relaxation and making the muscles more flexible and receptive to the applied maneuvers.<\/p>\n\n\n\n<p><strong>BENEFITS<\/strong><\/p>\n\n\n\n<ul class=\"wp-block-list\">\n<li>Balances energies and helps regulate sleep cycles.<\/li>\n\n\n\n<li>Combats pain.<\/li>\n\n\n\n<li>Helps relax the muscles, releasing stress.<\/li>\n\n\n\n<li>Eliminates toxins and improves blood circulation.<\/li>\n<\/ul>\n\n\n\n<div class=\"wp-block-columns has-background is-layout-flex wp-container-core-columns-is-layout-28f84493 wp-block-columns-is-layout-flex\" style=\"border-top-left-radius:21px;border-top-right-radius:21px;border-bottom-left-radius:21px;border-bottom-right-radius:21px;background-color:#979080\">\n<div class=\"wp-block-column is-layout-flow wp-block-column-is-layout-flow\" style=\"flex-basis:33.33%\">\n<h2 class=\"wp-block-heading has-text-align-left has-white-color has-text-color has-link-color wp-elements-c1e9d074fe6cde49f9cfd45b99658710\">PRECIO:<\/h2>\n<\/div>\n\n\n\n<div class=\"wp-block-column is-layout-flow wp-block-column-is-layout-flow\" style=\"flex-basis:66.66%\">\n<div class=\"wp-block-group is-nowrap is-layout-flex wp-container-core-group-is-layout-6c531013 wp-block-group-is-layout-flex\">\n<div class=\"wp-block-group is-nowrap is-layout-flex wp-container-core-group-is-layout-6c531013 wp-block-group-is-layout-flex\">\n<div class=\"wp-block-group is-vertical is-layout-flex wp-container-core-group-is-layout-fe9cc265 wp-block-group-is-layout-flex\">\n<p class=\"has-white-color has-text-color has-link-color wp-elements-e8e66737d9c0fbe66a8598f2c0a9808a\"><strong>60 MIN<\/strong><\/p>\n\n\n\n<p class=\"has-white-color has-text-color has-link-color wp-elements-7e56e1d86075459a69d7276e47f6e197\">$ 160.000<\/p>\n<\/div>\n<\/div>\n<\/div>\n<\/div>\n<\/div>\n<\/div>\n\n\n\n<div class=\"wp-block-column is-layout-flow wp-block-column-is-layout-flow\">\n<figure class=\"wp-block-image size-full\"><img fetchpriority=\"high\" decoding=\"async\" width=\"474\" height=\"474\" src=\"https:\/\/dharmaluxuryspa.com\/wp-content\/uploads\/2023\/12\/DSC02727-gigapixel-hq-width-1920px.jpg\" alt=\"\" class=\"wp-image-264\" srcset=\"https:\/\/dharmaluxuryspa.com\/wp-content\/uploads\/2023\/12\/DSC02727-gigapixel-hq-width-1920px.jpg 474w, https:\/\/dharmaluxuryspa.com\/wp-content\/uploads\/2023\/12\/DSC02727-gigapixel-hq-width-1920px-300x300.jpg 300w, https:\/\/dharmaluxuryspa.com\/wp-content\/uploads\/2023\/12\/DSC02727-gigapixel-hq-width-1920px-150x150.jpg 150w\" sizes=\"(max-width: 474px) 100vw, 474px\" \/><\/figure>\n<\/div>\n<\/div>\n\n\n\n<p><\/p>","protected":false},"excerpt":{"rendered":"<p>Es una terapia energ\u00e9tica y sanadora que calma la mente y reduce tensiones. Las piedras volc\u00e1nicas se calientan a temperaturas confortables, proporcionando una profunda sensaci\u00f3n de relajaci\u00f3n y haciendo que los m\u00fasculos sean m\u00e1s flexibles y receptivos a las maniobras aplicadas. BENEFICIOS PRECIO: 60 MIN $ 160.000<\/p>","protected":false},"author":1,"featured_media":265,"parent":0,"menu_order":0,"comment_status":"closed","ping_status":"closed","template":"","meta":{"_joinchat":[],"footnotes":""},"class_list":["post-518","page","type-page","status-publish","has-post-thumbnail","hentry"],"_links":{"self":[{"href":"https:\/\/dharmaluxuryspa.com\/en\/wp-json\/wp\/v2\/pages\/518","targetHints":{"allow":["GET"]}}],"collection":[{"href":"https:\/\/dharmaluxuryspa.com\/en\/wp-json\/wp\/v2\/pages"}],"about":[{"href":"https:\/\/dharmaluxuryspa.com\/en\/wp-json\/wp\/v2\/types\/page"}],"author":[{"embeddable":true,"href":"https:\/\/dharmaluxuryspa.com\/en\/wp-json\/wp\/v2\/users\/1"}],"replies":[{"embeddable":true,"href":"https:\/\/dharmaluxuryspa.com\/en\/wp-json\/wp\/v2\/comments?post=518"}],"version-history":[{"count":1,"href":"https:\/\/dharmaluxuryspa.com\/en\/wp-json\/wp\/v2\/pages\/518\/revisions"}],"predecessor-version":[{"id":528,"href":"https:\/\/dharmaluxuryspa.com\/en\/wp-json\/wp\/v2\/pages\/518\/revisions\/528"}],"wp:featuredmedia":[{"embeddable":true,"href":"https:\/\/dharmaluxuryspa.com\/en\/wp-json\/wp\/v2\/media\/265"}],"wp:attachment":[{"href":"https:\/\/dharmaluxuryspa.com\/en\/wp-json\/wp\/v2\/media?parent=518"}],"curies":[{"name":"wp","href":"https:\/\/api.w.org\/{rel}","templated":true}]}}