{"id":516,"date":"2026-03-04T14:55:53","date_gmt":"2026-03-04T19:55:53","guid":{"rendered":"https:\/\/dharmaluxuryspa.com\/?page_id=516"},"modified":"2026-03-06T10:56:39","modified_gmt":"2026-03-06T15:56:39","slug":"masaje-con-pistola-de-percusion","status":"publish","type":"page","link":"https:\/\/dharmaluxuryspa.com\/en\/masaje-con-pistola-de-percusion\/","title":{"rendered":"Percussion Massage"},"content":{"rendered":"<div style=\"height:50px\" aria-hidden=\"true\" class=\"wp-block-spacer\"><\/div>\n\n\n\n<div class=\"wp-block-columns is-layout-flex wp-container-core-columns-is-layout-28f84493 wp-block-columns-is-layout-flex\">\n<div class=\"wp-block-column is-layout-flow wp-block-column-is-layout-flow\">\n<p id=\"block-a0329587-318c-4810-a17c-a0aaca13e21d\">Our percussion massage gun therapy is the best option for reducing the perception of pain, muscle tension, and fatigue.<\/p>\n\n\n\n<p><strong>BENEFITS<\/strong><\/p>\n\n\n\n<ul class=\"wp-block-list\">\n<li>Facilitates the drainage of legs and arms, as well as the cervical and shoulder load due to poor posture.<\/li>\n\n\n\n<li>Improves circulation, alleviating the sensation of tired legs.<\/li>\n\n\n\n<li>Increases joint range for workouts and alleviates the sensation of fatigue.<\/li>\n<\/ul>\n\n\n\n<div class=\"wp-block-columns has-background is-layout-flex wp-container-core-columns-is-layout-28f84493 wp-block-columns-is-layout-flex\" style=\"border-top-left-radius:21px;border-top-right-radius:21px;border-bottom-left-radius:21px;border-bottom-right-radius:21px;background-color:#979080\">\n<div class=\"wp-block-column is-layout-flow wp-block-column-is-layout-flow\" style=\"flex-basis:33.33%\">\n<h2 class=\"wp-block-heading has-text-align-left has-white-color has-text-color has-link-color wp-elements-c1e9d074fe6cde49f9cfd45b99658710\">PRECIO:<\/h2>\n<\/div>\n\n\n\n<div class=\"wp-block-column is-layout-flow wp-block-column-is-layout-flow\" style=\"flex-basis:66.66%\">\n<div class=\"wp-block-group is-nowrap is-layout-flex wp-container-core-group-is-layout-6c531013 wp-block-group-is-layout-flex\">\n<div class=\"wp-block-group is-vertical is-layout-flex wp-container-core-group-is-layout-fe9cc265 wp-block-group-is-layout-flex\">\n<p class=\"has-white-color has-text-color has-link-color wp-elements-a6bfeda3f2de27c0af2e0702b606c602\"><strong>30 MIN<\/strong><\/p>\n\n\n\n<p class=\"has-white-color has-text-color has-link-color wp-elements-4c3af59f2aae7ea56160ed5d4f087d37\">$ 110.000<\/p>\n<\/div>\n\n\n\n<div class=\"wp-block-group is-nowrap is-layout-flex wp-container-core-group-is-layout-6c531013 wp-block-group-is-layout-flex\">\n<div class=\"wp-block-group is-vertical is-layout-flex wp-container-core-group-is-layout-fe9cc265 wp-block-group-is-layout-flex\">\n<p class=\"has-white-color has-text-color has-link-color wp-elements-e8e66737d9c0fbe66a8598f2c0a9808a\"><strong>60 MIN<\/strong><\/p>\n\n\n\n<p class=\"has-white-color has-text-color has-link-color wp-elements-19345e6858645267108c17c714a2151e\">$ 190.000<\/p>\n<\/div>\n\n\n\n<div class=\"wp-block-group is-vertical is-layout-flex wp-container-core-group-is-layout-fe9cc265 wp-block-group-is-layout-flex\">\n<p class=\"has-white-color has-text-color has-link-color wp-elements-03ec79f235af43729e1c92904b8d8525\"><strong>90 MIN<\/strong><\/p>\n\n\n\n<p class=\"has-white-color has-text-color has-link-color wp-elements-a0b63aa03bcd6586a67df5be940068e3\">$ 230.000<\/p>\n<\/div>\n<\/div>\n<\/div>\n<\/div>\n<\/div>\n<\/div>\n\n\n\n<div class=\"wp-block-column is-layout-flow wp-block-column-is-layout-flow\">\n<figure class=\"wp-block-image size-full\"><img fetchpriority=\"high\" decoding=\"async\" width=\"804\" height=\"456\" src=\"https:\/\/dharmaluxuryspa.com\/wp-content\/uploads\/2023\/12\/Mask-Group-9.png\" alt=\"\" class=\"wp-image-152\" srcset=\"https:\/\/dharmaluxuryspa.com\/wp-content\/uploads\/2023\/12\/Mask-Group-9.png 804w, https:\/\/dharmaluxuryspa.com\/wp-content\/uploads\/2023\/12\/Mask-Group-9-300x170.png 300w, https:\/\/dharmaluxuryspa.com\/wp-content\/uploads\/2023\/12\/Mask-Group-9-768x436.png 768w\" sizes=\"(max-width: 804px) 100vw, 804px\" \/><\/figure>\n<\/div>\n<\/div>\n\n\n\n<p><\/p>","protected":false},"excerpt":{"rendered":"<p>Nuestra terapia con pistola de percusi\u00f3n es la mejor opci\u00f3n para disminuir la percepci\u00f3n de dolor, tensi\u00f3n y fatiga muscular. BENEFICIOS PRECIO: 30 MIN $ 110.000 60 MIN $ 190.000 90 MIN $ 230.000<\/p>","protected":false},"author":1,"featured_media":265,"parent":0,"menu_order":0,"comment_status":"closed","ping_status":"closed","template":"","meta":{"_joinchat":[],"footnotes":""},"class_list":["post-516","page","type-page","status-publish","has-post-thumbnail","hentry"],"_links":{"self":[{"href":"https:\/\/dharmaluxuryspa.com\/en\/wp-json\/wp\/v2\/pages\/516","targetHints":{"allow":["GET"]}}],"collection":[{"href":"https:\/\/dharmaluxuryspa.com\/en\/wp-json\/wp\/v2\/pages"}],"about":[{"href":"https:\/\/dharmaluxuryspa.com\/en\/wp-json\/wp\/v2\/types\/page"}],"author":[{"embeddable":true,"href":"https:\/\/dharmaluxuryspa.com\/en\/wp-json\/wp\/v2\/users\/1"}],"replies":[{"embeddable":true,"href":"https:\/\/dharmaluxuryspa.com\/en\/wp-json\/wp\/v2\/comments?post=516"}],"version-history":[{"count":3,"href":"https:\/\/dharmaluxuryspa.com\/en\/wp-json\/wp\/v2\/pages\/516\/revisions"}],"predecessor-version":[{"id":538,"href":"https:\/\/dharmaluxuryspa.com\/en\/wp-json\/wp\/v2\/pages\/516\/revisions\/538"}],"wp:featuredmedia":[{"embeddable":true,"href":"https:\/\/dharmaluxuryspa.com\/en\/wp-json\/wp\/v2\/media\/265"}],"wp:attachment":[{"href":"https:\/\/dharmaluxuryspa.com\/en\/wp-json\/wp\/v2\/media?parent=516"}],"curies":[{"name":"wp","href":"https:\/\/api.w.org\/{rel}","templated":true}]}}