{"id":498,"date":"2026-03-04T14:40:58","date_gmt":"2026-03-04T19:40:58","guid":{"rendered":"https:\/\/dharmaluxuryspa.com\/?page_id=498"},"modified":"2026-03-04T14:53:57","modified_gmt":"2026-03-04T19:53:57","slug":"masaje-sensorial","status":"publish","type":"page","link":"https:\/\/dharmaluxuryspa.com\/en\/masaje-sensorial\/","title":{"rendered":"Masaje Sensorial"},"content":{"rendered":"<div style=\"height:50px\" aria-hidden=\"true\" class=\"wp-block-spacer\"><\/div>\n\n\n\n<div class=\"wp-block-columns is-layout-flex wp-container-core-columns-is-layout-28f84493 wp-block-columns-is-layout-flex\">\n<div class=\"wp-block-column is-layout-flow wp-block-column-is-layout-flow\">\n<p id=\"block-a0329587-318c-4810-a17c-a0aaca13e21d\">It is applied through smooth and harmonious movements, avoiding abrupt changes in rhythm and loss of contact. Performed in a peaceful and comfortable environment, this massage is designed to explore the senses, find harmony and balance, providing a pleasurable experience of body relaxation.<\/p>\n\n\n\n<p><strong>BENEFITS<\/strong><\/p>\n\n\n\n<p id=\"block-a0329587-318c-4810-a17c-a0aaca13e21d\">Increases levels of essential hormones.<\/p>\n\n\n\n<p>Promotes self-awareness.<\/p>\n\n\n\n<p>Empowers.<\/p>\n\n\n\n<div class=\"wp-block-columns has-background is-layout-flex wp-container-core-columns-is-layout-28f84493 wp-block-columns-is-layout-flex\" style=\"border-top-left-radius:21px;border-top-right-radius:21px;border-bottom-left-radius:21px;border-bottom-right-radius:21px;background-color:#979080\">\n<div class=\"wp-block-column is-layout-flow wp-block-column-is-layout-flow\" style=\"flex-basis:33.33%\">\n<h2 class=\"wp-block-heading has-text-align-left has-white-color has-text-color has-link-color wp-elements-c1e9d074fe6cde49f9cfd45b99658710\">PRECIO:<\/h2>\n<\/div>\n\n\n\n<div class=\"wp-block-column is-layout-flow wp-block-column-is-layout-flow\" style=\"flex-basis:66.66%\">\n<div class=\"wp-block-group is-nowrap is-layout-flex wp-container-core-group-is-layout-6c531013 wp-block-group-is-layout-flex\">\n<div class=\"wp-block-group is-vertical is-layout-flex wp-container-core-group-is-layout-fe9cc265 wp-block-group-is-layout-flex\">\n<p class=\"has-white-color has-text-color has-link-color wp-elements-a6bfeda3f2de27c0af2e0702b606c602\"><strong>30 MIN<\/strong><\/p>\n\n\n\n<p class=\"has-white-color has-text-color has-link-color wp-elements-013b9faa44d4250a3ca9b4d20c7075f1\">$ 120.000<\/p>\n<\/div>\n\n\n\n<div class=\"wp-block-group is-nowrap is-layout-flex wp-container-core-group-is-layout-6c531013 wp-block-group-is-layout-flex\">\n<div class=\"wp-block-group is-vertical is-layout-flex wp-container-core-group-is-layout-fe9cc265 wp-block-group-is-layout-flex\">\n<p class=\"has-white-color has-text-color has-link-color wp-elements-e8e66737d9c0fbe66a8598f2c0a9808a\"><strong>60 MIN<\/strong><\/p>\n\n\n\n<p class=\"has-white-color has-text-color has-link-color wp-elements-154ed91588a4960a25ce4e7f39c78c37\">$ 180.000<\/p>\n<\/div>\n\n\n\n<div class=\"wp-block-group is-vertical is-layout-flex wp-container-core-group-is-layout-fe9cc265 wp-block-group-is-layout-flex\">\n<p class=\"has-white-color has-text-color has-link-color wp-elements-03ec79f235af43729e1c92904b8d8525\"><strong>90 MIN<\/strong><\/p>\n\n\n\n<p class=\"has-white-color has-text-color has-link-color wp-elements-9cf720192faf7b8f92717786cd0df3c8\">$ 240.000<\/p>\n<\/div>\n<\/div>\n<\/div>\n<\/div>\n<\/div>\n<\/div>\n\n\n\n<div class=\"wp-block-column is-layout-flow wp-block-column-is-layout-flow\">\n<figure class=\"wp-block-image size-full\"><img fetchpriority=\"high\" decoding=\"async\" width=\"804\" height=\"456\" src=\"https:\/\/dharmaluxuryspa.com\/wp-content\/uploads\/2023\/12\/Mask-Group-10.png\" alt=\"\" class=\"wp-image-153\" srcset=\"https:\/\/dharmaluxuryspa.com\/wp-content\/uploads\/2023\/12\/Mask-Group-10.png 804w, https:\/\/dharmaluxuryspa.com\/wp-content\/uploads\/2023\/12\/Mask-Group-10-300x170.png 300w, https:\/\/dharmaluxuryspa.com\/wp-content\/uploads\/2023\/12\/Mask-Group-10-768x436.png 768w\" sizes=\"(max-width: 804px) 100vw, 804px\" \/><\/figure>\n<\/div>\n<\/div>\n\n\n\n<p><\/p>","protected":false},"excerpt":{"rendered":"<p>Se aplica mediante movimientos suaves y arm\u00f3nicos, evitando cambios bruscos de ritmo y la p\u00e9rdida de contacto. Realizado en un ambiente tranquilo y c\u00f3modo, este masaje est\u00e1 dise\u00f1ado para explorar los sentidos, encontrar armon\u00eda y equilibrio, proporcionando una experiencia placentera de relajaci\u00f3n corporal. BENEFICIOS Aumenta los niveles de hormonas esenciales. Favorece el autoconocimiento. Empodera. PRECIO: [&hellip;]<\/p>\n","protected":false},"author":1,"featured_media":265,"parent":0,"menu_order":0,"comment_status":"closed","ping_status":"closed","template":"","meta":{"_joinchat":[],"footnotes":""},"class_list":["post-498","page","type-page","status-publish","has-post-thumbnail","hentry"],"_links":{"self":[{"href":"https:\/\/dharmaluxuryspa.com\/en\/wp-json\/wp\/v2\/pages\/498","targetHints":{"allow":["GET"]}}],"collection":[{"href":"https:\/\/dharmaluxuryspa.com\/en\/wp-json\/wp\/v2\/pages"}],"about":[{"href":"https:\/\/dharmaluxuryspa.com\/en\/wp-json\/wp\/v2\/types\/page"}],"author":[{"embeddable":true,"href":"https:\/\/dharmaluxuryspa.com\/en\/wp-json\/wp\/v2\/users\/1"}],"replies":[{"embeddable":true,"href":"https:\/\/dharmaluxuryspa.com\/en\/wp-json\/wp\/v2\/comments?post=498"}],"version-history":[{"count":5,"href":"https:\/\/dharmaluxuryspa.com\/en\/wp-json\/wp\/v2\/pages\/498\/revisions"}],"predecessor-version":[{"id":524,"href":"https:\/\/dharmaluxuryspa.com\/en\/wp-json\/wp\/v2\/pages\/498\/revisions\/524"}],"wp:featuredmedia":[{"embeddable":true,"href":"https:\/\/dharmaluxuryspa.com\/en\/wp-json\/wp\/v2\/media\/265"}],"wp:attachment":[{"href":"https:\/\/dharmaluxuryspa.com\/en\/wp-json\/wp\/v2\/media?parent=498"}],"curies":[{"name":"wp","href":"https:\/\/api.w.org\/{rel}","templated":true}]}}