{"id":497,"date":"2026-03-04T14:39:17","date_gmt":"2026-03-04T19:39:17","guid":{"rendered":"https:\/\/dharmaluxuryspa.com\/?page_id=497"},"modified":"2026-03-06T10:46:05","modified_gmt":"2026-03-06T15:46:05","slug":"masaje-de-relajacion","status":"publish","type":"page","link":"https:\/\/dharmaluxuryspa.com\/en\/masaje-de-relajacion\/","title":{"rendered":"Relaxation Massage"},"content":{"rendered":"<div style=\"height:50px\" aria-hidden=\"true\" class=\"wp-block-spacer\"><\/div>\n\n\n\n<div class=\"wp-block-columns is-layout-flex wp-container-core-columns-is-layout-28f84493 wp-block-columns-is-layout-flex\">\n<div class=\"wp-block-column is-layout-flow wp-block-column-is-layout-flow\">\n<p id=\"block-a0329587-318c-4810-a17c-a0aaca13e21d\">This massage has a deep relaxation effect and can be performed with gentle and superficial maneuvers or energetic and invigorating ones, depending on the desired goals. It induces a significant sense of well-being and relief.<\/p>\n\n\n\n<p><strong>BENEFITS<\/strong><\/p>\n\n\n\n<p id=\"block-a0329587-318c-4810-a17c-a0aaca13e21d\">Promotes blood and lymphatic circulation.<\/p>\n\n\n\n<p>Reduces stress and combats symptoms of anxiety.<\/p>\n\n\n\n<p>Decreases pain and inflammation of tissues.<\/p>\n\n\n\n<p>Improves circulation, energy, and strengthens the immune system.<\/p>\n\n\n\n<div class=\"wp-block-columns has-background is-layout-flex wp-container-core-columns-is-layout-28f84493 wp-block-columns-is-layout-flex\" style=\"border-top-left-radius:21px;border-top-right-radius:21px;border-bottom-left-radius:21px;border-bottom-right-radius:21px;background-color:#979080\">\n<div class=\"wp-block-column is-layout-flow wp-block-column-is-layout-flow\" style=\"flex-basis:33.33%\">\n<h2 class=\"wp-block-heading has-text-align-left has-white-color has-text-color has-link-color wp-elements-c1e9d074fe6cde49f9cfd45b99658710\">PRECIO:<\/h2>\n<\/div>\n\n\n\n<div class=\"wp-block-column is-layout-flow wp-block-column-is-layout-flow\" style=\"flex-basis:66.66%\">\n<div class=\"wp-block-group is-nowrap is-layout-flex wp-container-core-group-is-layout-6c531013 wp-block-group-is-layout-flex\">\n<div class=\"wp-block-group is-vertical is-layout-flex wp-container-core-group-is-layout-fe9cc265 wp-block-group-is-layout-flex\">\n<p class=\"has-white-color has-text-color has-link-color wp-elements-a6bfeda3f2de27c0af2e0702b606c602\"><strong>30 MIN<\/strong><\/p>\n\n\n\n<p class=\"has-white-color has-text-color has-link-color wp-elements-4c3af59f2aae7ea56160ed5d4f087d37\">$ 110.000<\/p>\n<\/div>\n\n\n\n<div class=\"wp-block-group is-nowrap is-layout-flex wp-container-core-group-is-layout-6c531013 wp-block-group-is-layout-flex\">\n<div class=\"wp-block-group is-vertical is-layout-flex wp-container-core-group-is-layout-fe9cc265 wp-block-group-is-layout-flex\">\n<p class=\"has-white-color has-text-color has-link-color wp-elements-e8e66737d9c0fbe66a8598f2c0a9808a\"><strong>60 MIN<\/strong><\/p>\n\n\n\n<p class=\"has-white-color has-text-color has-link-color wp-elements-22935ce1ec22af4b07f465a0fd01ffdd\">$ 150.000<\/p>\n<\/div>\n\n\n\n<div class=\"wp-block-group is-vertical is-layout-flex wp-container-core-group-is-layout-fe9cc265 wp-block-group-is-layout-flex\">\n<p class=\"has-white-color has-text-color has-link-color wp-elements-03ec79f235af43729e1c92904b8d8525\"><strong>90 MIN<\/strong><\/p>\n\n\n\n<p class=\"has-white-color has-text-color has-link-color wp-elements-15a83acb2f42703a9aa807edb3706629\">$ 210.000<\/p>\n<\/div>\n<\/div>\n<\/div>\n<\/div>\n<\/div>\n<\/div>\n\n\n\n<div class=\"wp-block-column is-layout-flow wp-block-column-is-layout-flow\">\n<figure class=\"wp-block-image size-full\"><img fetchpriority=\"high\" decoding=\"async\" width=\"804\" height=\"456\" src=\"https:\/\/dharmaluxuryspa.com\/wp-content\/uploads\/2023\/12\/Mask-Group-10.png\" alt=\"\" class=\"wp-image-153\" srcset=\"https:\/\/dharmaluxuryspa.com\/wp-content\/uploads\/2023\/12\/Mask-Group-10.png 804w, https:\/\/dharmaluxuryspa.com\/wp-content\/uploads\/2023\/12\/Mask-Group-10-300x170.png 300w, https:\/\/dharmaluxuryspa.com\/wp-content\/uploads\/2023\/12\/Mask-Group-10-768x436.png 768w\" sizes=\"(max-width: 804px) 100vw, 804px\" \/><\/figure>\n<\/div>\n<\/div>","protected":false},"excerpt":{"rendered":"<p>Este masaje tiene un efecto de relajaci\u00f3n profunda y puede ser realizado con maniobras sutiles y superficiales o en\u00e9rgicas y fortificantes, dependiendo de los objetivos buscados. Provoca una sensaci\u00f3n de bienestar y alivio significativa. BENEFICIOS Favorece la circulaci\u00f3n sangu\u00ednea y linf\u00e1tica. Reduce el estr\u00e9s y combate los s\u00edntomas de ansiedad. Disminuye el dolor y la [&hellip;]<\/p>\n","protected":false},"author":1,"featured_media":265,"parent":0,"menu_order":0,"comment_status":"closed","ping_status":"closed","template":"","meta":{"_joinchat":[],"footnotes":""},"class_list":["post-497","page","type-page","status-publish","has-post-thumbnail","hentry"],"_links":{"self":[{"href":"https:\/\/dharmaluxuryspa.com\/en\/wp-json\/wp\/v2\/pages\/497","targetHints":{"allow":["GET"]}}],"collection":[{"href":"https:\/\/dharmaluxuryspa.com\/en\/wp-json\/wp\/v2\/pages"}],"about":[{"href":"https:\/\/dharmaluxuryspa.com\/en\/wp-json\/wp\/v2\/types\/page"}],"author":[{"embeddable":true,"href":"https:\/\/dharmaluxuryspa.com\/en\/wp-json\/wp\/v2\/users\/1"}],"replies":[{"embeddable":true,"href":"https:\/\/dharmaluxuryspa.com\/en\/wp-json\/wp\/v2\/comments?post=497"}],"version-history":[{"count":2,"href":"https:\/\/dharmaluxuryspa.com\/en\/wp-json\/wp\/v2\/pages\/497\/revisions"}],"predecessor-version":[{"id":537,"href":"https:\/\/dharmaluxuryspa.com\/en\/wp-json\/wp\/v2\/pages\/497\/revisions\/537"}],"wp:featuredmedia":[{"embeddable":true,"href":"https:\/\/dharmaluxuryspa.com\/en\/wp-json\/wp\/v2\/media\/265"}],"wp:attachment":[{"href":"https:\/\/dharmaluxuryspa.com\/en\/wp-json\/wp\/v2\/media?parent=497"}],"curies":[{"name":"wp","href":"https:\/\/api.w.org\/{rel}","templated":true}]}}